{"id":45,"date":"2023-11-19T15:02:33","date_gmt":"2023-11-19T15:02:33","guid":{"rendered":"http:\/\/192.168.1.231\/wordpress\/?page_id=16"},"modified":"2025-01-04T13:25:05","modified_gmt":"2025-01-04T12:25:05","slug":"about","status":"publish","type":"page","link":"https:\/\/fusspflege-gantner.ch\/?page_id=45","title":{"rendered":"About"},"content":{"rendered":"\n<div class=\"wp-block-cover alignfull is-light\" style=\"min-height:300px;aspect-ratio:unset;\"><span aria-hidden=\"true\" class=\"wp-block-cover__background has-nv-site-bg-background-color has-background-dim-100 has-background-dim\"><\/span><div class=\"wp-block-cover__inner-container is-layout-flow wp-block-cover-is-layout-flow\">\n<div class=\"wp-block-group\"><div class=\"wp-block-group__inner-container is-layout-flow wp-block-group-is-layout-flow\">\n<h1 class=\"wp-block-heading has-text-align-left has-neve-text-color-color has-text-color\">\u00dcber mich<\/h1>\n<\/div><\/div>\n<\/div><\/div>\n\n\n\n<div class=\"wp-block-cover alignfull\" style=\"min-height:600px;aspect-ratio:unset;\"><span aria-hidden=\"true\" class=\"wp-block-cover__background has-nv-text-dark-bg-background-color has-background-dim-100 has-background-dim\"><\/span><div class=\"wp-block-cover__inner-container is-layout-flow wp-block-cover-is-layout-flow\">\n<div class=\"wp-block-group\"><div class=\"wp-block-group__inner-container is-layout-flow wp-block-group-is-layout-flow\">\n<div style=\"height:40px\" aria-hidden=\"true\" class=\"wp-block-spacer\"><\/div>\n\n\n\n<div class=\"wp-block-columns are-vertically-aligned-center is-layout-flex wp-container-core-columns-is-layout-9d6595d7 wp-block-columns-is-layout-flex\">\n<div class=\"wp-block-column is-vertically-aligned-center is-layout-flow wp-block-column-is-layout-flow\" style=\"flex-basis:50%\">\n<figure class=\"wp-block-image size-full is-resized size-large\"><img loading=\"lazy\" decoding=\"async\" width=\"1024\" height=\"1535\" src=\"https:\/\/fusspflege-gantner.ch\/wp-content\/uploads\/2025\/01\/579A4243-Klein.jpg\" alt=\"\" class=\"wp-image-178\" style=\"object-fit:cover;width:461px;height:600px\" srcset=\"https:\/\/fusspflege-gantner.ch\/wp-content\/uploads\/2025\/01\/579A4243-Klein.jpg 1024w, https:\/\/fusspflege-gantner.ch\/wp-content\/uploads\/2025\/01\/579A4243-Klein-200x300.jpg 200w, https:\/\/fusspflege-gantner.ch\/wp-content\/uploads\/2025\/01\/579A4243-Klein-683x1024.jpg 683w, https:\/\/fusspflege-gantner.ch\/wp-content\/uploads\/2025\/01\/579A4243-Klein-768x1151.jpg 768w\" sizes=\"auto, (max-width: 1024px) 100vw, 1024px\" \/><\/figure>\n<\/div>\n\n\n\n<div class=\"wp-block-column is-vertically-aligned-center is-layout-flow wp-block-column-is-layout-flow\" style=\"flex-basis:50%\">\n<h2 class=\"wp-block-heading has-neve-text-color-color has-text-color\">Mein Werdegang<\/h2>\n\n\n\n<p class=\"has-neve-text-color-color has-text-color has-link-color wp-elements-6bfbb1bef62694454f7de5f3a5e95577\">Im Jahr 2007 habe ich meine dreij\u00e4hrige Ausbildung als Fachfrau Gesundheit im Spital B\u00fclach abgeschlossen. Anschliessend absolvierte ich die H\u00f6here Fachschule zur Pflegefachfrau HF welche ich im Fr\u00fchling 2010 mit grosser Freude abgeschlossen habe. <\/p>\n\n\n\n<p class=\"has-neve-text-color-color has-text-color has-link-color wp-elements-2da90116ee8647afc650e535c41db554\">Ich arbeitete in unterschiedlichen Spit\u00e4lern, vorzugsweise auf chirurgischen Abteilungen, in unterschiedlichen Alters- und Pflegeheimen und in der Spitex. Meine Leidenschaft galt zudem der Ausbildung von jungen Menschen, weshalb ich an verschiedenen Arbeitsorten Lernende betreute und \u00fcberbetriebliche Kurse unterrichtete. &nbsp;<\/p>\n\n\n\n<p class=\"has-neve-text-color-color has-text-color has-link-color wp-elements-4a279c31bedf4c7ec942ca6bcfc7f734\">Ich absolvierte im Fr\u00fchling 2023 die Ausbildung zur dipl. Fusspflegerin an der <a href=\"https:\/\/www.fusspflegeschule-zo.ch\/\" target=\"_blank\" rel=\"noreferrer noopener\">Fusspflegeschule Z\u00fcri Oberland<\/a>. Seit November 2024 arbeite ich bei <a href=\"https:\/\/www.podiamed.ch\/\">Podiamed GmbH<\/a> in Winterthur als Praktikantin um die Erwachsenenbildung zur Podologin EFZ zu erlangen.<\/p>\n<\/div>\n<\/div>\n\n\n\n<div style=\"height:40px\" aria-hidden=\"true\" class=\"wp-block-spacer\"><\/div>\n<\/div><\/div>\n<\/div><\/div>\n\n\n\n<div class=\"wp-block-cover alignfull is-light\" style=\"min-height:600px;aspect-ratio:unset;\"><span aria-hidden=\"true\" class=\"wp-block-cover__background has-nv-light-bg-background-color has-background-dim-100 has-background-dim\"><\/span><div class=\"wp-block-cover__inner-container is-layout-flow wp-block-cover-is-layout-flow\">\n<div class=\"wp-block-group\"><div class=\"wp-block-group__inner-container is-layout-flow wp-block-group-is-layout-flow\">\n<div style=\"height:40px\" aria-hidden=\"true\" class=\"wp-block-spacer\"><\/div>\n\n\n\n<div class=\"wp-block-columns are-vertically-aligned-center is-layout-flex wp-container-core-columns-is-layout-9d6595d7 wp-block-columns-is-layout-flex\">\n<div class=\"wp-block-column is-vertically-aligned-center is-layout-flow wp-block-column-is-layout-flow\" style=\"flex-basis:50%\">\n<h2 class=\"wp-block-heading has-neve-text-color-color has-text-color\">Meine Motivation<\/h2>\n\n\n\n<p class=\"has-neve-text-color-color has-text-color\">Schon seit geraumer Zeit interessiere ich mich f\u00fcr die Pflege und Behandlung von F\u00fcssen. Auf der chirurgischen Abteilung habe ich gesehen, was fehlende Fusspflege f\u00fcr Folgen haben kann. In der Spitex wurde mir bewusst, dass viele Menschen nicht mehr in der Lage sind, ihre Wohnung oder das Haus zu verlassen um Dienstleistungen wie Fusspflege zu beziehen.<\/p>\n\n\n\n<p>Mein Wunsch, \u00abmobile Fusspflege\u00bb&nbsp; anzubieten entstand und es freut mich sehr, dass ich meine Idee, welche nun seit mehr als 10 Jahren gereift ist, jetzt in Tat umsetzen kann. Als mobile Fusspflege besuche ich Kunden zu Hause, behandle sie in vertrauter Umgebung und darf sie umf\u00e4nglich betreuen.<\/p>\n\n\n\n<p class=\"has-neve-text-color-color has-text-color\">M\u00f6chten sie mich gerne kennenlernen, dann rufen sie mich ungeniert an, ich freue mich.<\/p>\n<\/div>\n\n\n\n<div class=\"wp-block-column is-vertically-aligned-center is-layout-flow wp-block-column-is-layout-flow\" style=\"flex-basis:50%\">\n<figure class=\"wp-block-image size-large is-resized\"><img loading=\"lazy\" decoding=\"async\" width=\"796\" height=\"1024\" src=\"https:\/\/fusspflege-gantner.ch\/wp-content\/uploads\/2025\/01\/579A4320-Klein-796x1024.jpg\" alt=\"\" class=\"wp-image-175\" style=\"object-fit:cover;width:461px;height:600px\" srcset=\"https:\/\/fusspflege-gantner.ch\/wp-content\/uploads\/2025\/01\/579A4320-Klein-796x1024.jpg 796w, https:\/\/fusspflege-gantner.ch\/wp-content\/uploads\/2025\/01\/579A4320-Klein-233x300.jpg 233w, https:\/\/fusspflege-gantner.ch\/wp-content\/uploads\/2025\/01\/579A4320-Klein-768x988.jpg 768w, https:\/\/fusspflege-gantner.ch\/wp-content\/uploads\/2025\/01\/579A4320-Klein.jpg 1024w\" sizes=\"auto, (max-width: 796px) 100vw, 796px\" \/><\/figure>\n<\/div>\n<\/div>\n\n\n\n<div style=\"height:40px\" aria-hidden=\"true\" class=\"wp-block-spacer\"><\/div>\n<\/div><\/div>\n<\/div><\/div>\n","protected":false},"excerpt":{"rendered":"","protected":false},"author":1,"featured_media":0,"parent":0,"menu_order":0,"comment_status":"closed","ping_status":"closed","template":"","meta":{"neve_meta_sidebar":"","neve_meta_container":"","neve_meta_enable_content_width":"on","neve_meta_content_width":100,"neve_meta_title_alignment":"","neve_meta_author_avatar":"","neve_post_elements_order":"","neve_meta_disable_header":"","neve_meta_disable_footer":"","neve_meta_disable_title":"on","footnotes":""},"class_list":["post-45","page","type-page","status-publish","hentry"],"_links":{"self":[{"href":"https:\/\/fusspflege-gantner.ch\/index.php?rest_route=\/wp\/v2\/pages\/45","targetHints":{"allow":["GET"]}}],"collection":[{"href":"https:\/\/fusspflege-gantner.ch\/index.php?rest_route=\/wp\/v2\/pages"}],"about":[{"href":"https:\/\/fusspflege-gantner.ch\/index.php?rest_route=\/wp\/v2\/types\/page"}],"author":[{"embeddable":true,"href":"https:\/\/fusspflege-gantner.ch\/index.php?rest_route=\/wp\/v2\/users\/1"}],"replies":[{"embeddable":true,"href":"https:\/\/fusspflege-gantner.ch\/index.php?rest_route=%2Fwp%2Fv2%2Fcomments&post=45"}],"version-history":[{"count":5,"href":"https:\/\/fusspflege-gantner.ch\/index.php?rest_route=\/wp\/v2\/pages\/45\/revisions"}],"predecessor-version":[{"id":179,"href":"https:\/\/fusspflege-gantner.ch\/index.php?rest_route=\/wp\/v2\/pages\/45\/revisions\/179"}],"wp:attachment":[{"href":"https:\/\/fusspflege-gantner.ch\/index.php?rest_route=%2Fwp%2Fv2%2Fmedia&parent=45"}],"curies":[{"name":"wp","href":"https:\/\/api.w.org\/{rel}","templated":true}]}}