{"id":44,"date":"2023-11-19T15:02:31","date_gmt":"2023-11-19T14:02:31","guid":{"rendered":"http:\/\/192.168.1.231\/wordpress\/?page_id=15"},"modified":"2025-01-04T13:38:49","modified_gmt":"2025-01-04T12:38:49","slug":"home","status":"publish","type":"page","link":"https:\/\/fusspflege-gantner.ch\/","title":{"rendered":"Home"},"content":{"rendered":"\n<div class=\"wp-block-cover alignfull is-light wp-duotone-unset-1\" style=\"min-height:600px;aspect-ratio:unset;\"><span aria-hidden=\"true\" class=\"wp-block-cover__background has-background-dim-0 has-background-dim\"><\/span><img decoding=\"async\" class=\"wp-block-cover__image-background wp-image-148\" alt=\"\" src=\"https:\/\/fusspflege-gantner.ch\/wp-content\/uploads\/2023\/12\/IMG_20230803_121419.jpg\" style=\"object-position:50% 17%\" data-object-fit=\"cover\" data-object-position=\"50% 17%\"\/><div class=\"wp-block-cover__inner-container is-layout-flow wp-block-cover-is-layout-flow\">\n<div style=\"height:80px\" aria-hidden=\"true\" class=\"wp-block-spacer\"><\/div>\n\n\n\n<h1 class=\"wp-block-heading has-text-align-center has-text-color\" style=\"color:#121212\">Mobile Fusspflege im Rafzerfeld und Umgebung<\/h1>\n\n\n\n<p class=\"has-text-align-center has-nv-site-bg-color has-text-color\" style=\"border-style:none;border-width:0px;padding-top:0;padding-right:0;padding-bottom:0;padding-left:0;font-size:32px\"><mark style=\"background-color:rgba(0, 0, 0, 0)\" class=\"has-inline-color has-nv-site-bg-color\">Vielen Dank f\u00fcr Ihr Interesse. Aktuell kann ich aus Kapazit\u00e4tsgr\u00fcnden keine Neukunden mehr aufnehmen.<\/mark><\/p>\n\n\n\n<div class=\"wp-block-buttons is-content-justification-center is-layout-flex wp-container-core-buttons-is-layout-16018d1d wp-block-buttons-is-layout-flex\">\n<div class=\"wp-block-button is-style-secondary\"><a class=\"wp-block-button__link wp-element-button\" href=\"#aboutme\">\u00dcBER MICH<\/a><\/div>\n\n\n\n<div class=\"wp-block-button is-style-secondary\"><a class=\"wp-block-button__link wp-element-button\" href=\"#offer_price\">ANGEBOT &amp; PREISE<\/a><\/div>\n\n\n\n<div class=\"wp-block-button is-style-secondary\"><a class=\"wp-block-button__link wp-element-button\" href=\"#contact\">KONTAKT<\/a><\/div>\n<\/div>\n\n\n\n<div style=\"height:40px\" aria-hidden=\"true\" class=\"wp-block-spacer\"><\/div>\n\n\n\n<h2 class=\"wp-block-heading has-text-align-center\">\u00abFusspflege bei Ihnen zu Hause\u00bb<\/h2>\n\n\n\n<p class=\"has-text-align-center has-medium-font-size\"><strong>Wie wichtig unsere F\u00fcsse sind, merken wir erst, wenn Schmerzen oder Unwohlsein auftreten. Unsere F\u00fcsse tragen uns durch den Tag, werden stark beansprucht und kriegen selten gen\u00fcgend Beachtung.<\/strong><\/p>\n\n\n\n<p class=\"has-text-align-center has-medium-font-size\"><strong>Ihre F\u00fcsse haben es verdient, zwischendurch im Mittelpunkt zu stehen, damit sie Sie lange und m\u00f6glichst schmerzfrei durch das Leben begleiten.<\/strong><\/p>\n\n\n\n<p class=\"has-text-align-center has-medium-font-size\"><strong>Sorgen Sie sich deshalb um ihre Fussgesundheit und g\u00f6nnen Sie sich regelm\u00e4ssig eine wohltuende Fusspflege.<\/strong><\/p>\n\n\n\n<p class=\"has-text-align-center has-medium-font-size\"><strong>Damit Sie dies in Ruhe und Entspannung geniessen k\u00f6nnen, biete ich Behandlungen bei Ihnen zu Hause an.<\/strong><\/p>\n<\/div><\/div>\n\n\n\n<div style=\"height:40px\" aria-hidden=\"true\" class=\"wp-block-spacer\"><\/div>\n\n\n\n<div class=\"wp-block-columns is-layout-flex wp-container-core-columns-is-layout-9d6595d7 wp-block-columns-is-layout-flex\">\n<div class=\"wp-block-column is-layout-flow wp-block-column-is-layout-flow\"><div class=\"wp-block-safe-svg-svg-icon safe-svg-cover\" style=\"text-align: center;\">\n\t\t\t\t<div class=\"safe-svg-inside safe-svg-inline\" style=\"width: 48px; height: 48px; background-color: var(--wp--preset--color--); color: var(--wp--preset--color--); padding-top: ; padding-right: ; padding-bottom: ; padding-left: ; margin-top: ; margin-right: ; margin-bottom: ; margin-left: ;\"><?xml version=\"1.0\" encoding=\"UTF-8\"?> <svg xmlns=\"http:\/\/www.w3.org\/2000\/svg\" height=\"48\" viewBox=\"0 -960 960 960\" width=\"48\"><path d=\"M220-640q-17 0-28.5-11.5T180-680q0-17 11.5-28.5T220-720q17 0 28.5 11.5T260-680q0 17-11.5 28.5T220-640ZM400-80q-66 0-113-47t-47-113v-240q0-100 70-170t170-70h73q69 0 118 46.5T720-559q0 46-24.5 84.5T629-416q-32 15-50.5 44.5T560-307v67q0 67-46.5 113.5T400-80Zm-80-640q-17 0-28.5-11.5T280-760v-20q0-17 11.5-28.5T320-820q17 0 28.5 11.5T360-780v20q0 17-11.5 28.5T320-720Zm80 560q33 0 56.5-23.5T480-240v-67q0-58 30.5-107t83.5-74q21-10 33.5-29.5T640-560q0-35-26-57.5T553-640h-73q-66 0-113 47t-47 113v240q0 33 23.5 56.5T400-160Zm40-600q-17 0-28.5-11.5T400-800v-20q0-17 11.5-28.5T440-860q17 0 28.5 11.5T480-820v20q0 17-11.5 28.5T440-760Zm120 0q-17 0-28.5-11.5T520-800v-40q0-17 11.5-28.5T560-880q17 0 28.5 11.5T600-840v40q0 17-11.5 28.5T560-760Zm140 40q-25 0-42.5-17.5T640-780v-40q0-25 17.5-42.5T700-880q25 0 42.5 17.5T760-820v40q0 25-17.5 42.5T700-720Z\"><\/path><\/svg> <\/div>\n\t\t\t<\/div>\n\n\n<div style=\"height:20px\" aria-hidden=\"true\" class=\"wp-block-spacer\"><\/div>\n\n\n\n<h3 class=\"wp-block-heading has-text-align-center has-neve-text-color-color has-text-color\">Kompetent<\/h3>\n\n\n\n<p class=\"has-text-align-center\">Als dipl. Fusspflegerin und dipl. Pflegefachfrau HF, sind Sie bei mir in besten H\u00e4nden.<\/p>\n\n\n\n<div style=\"height:20px\" aria-hidden=\"true\" class=\"wp-block-spacer\"><\/div>\n<\/div>\n\n\n\n<div class=\"wp-block-column is-layout-flow wp-block-column-is-layout-flow\"><div class=\"wp-block-safe-svg-svg-icon safe-svg-cover\" style=\"text-align: center;\">\n\t\t\t\t<div class=\"safe-svg-inside safe-svg-inline\" style=\"width: 48px; height: 48px; background-color: var(--wp--preset--color--); color: var(--wp--preset--color--); padding-top: ; padding-right: ; padding-bottom: ; padding-left: ; margin-top: ; margin-right: ; margin-bottom: ; margin-left: ;\"><?xml version=\"1.0\" encoding=\"UTF-8\"?> <svg xmlns=\"http:\/\/www.w3.org\/2000\/svg\" height=\"48\" viewBox=\"0 -960 960 960\" width=\"48\"><path d=\"M240-200v40q0 17-11.5 28.5T200-120h-40q-17 0-28.5-11.5T120-160v-320l84-240q6-18 21.5-29t34.5-11h440q19 0 34.5 11t21.5 29l84 240v320q0 17-11.5 28.5T800-120h-40q-17 0-28.5-11.5T720-160v-40H240Zm-8-360h496l-42-120H274l-42 120Zm-32 80v200-200Zm100 160q25 0 42.5-17.5T360-380q0-25-17.5-42.5T300-440q-25 0-42.5 17.5T240-380q0 25 17.5 42.5T300-320Zm360 0q25 0 42.5-17.5T720-380q0-25-17.5-42.5T660-440q-25 0-42.5 17.5T600-380q0 25 17.5 42.5T660-320Zm-460 40h560v-200H200v200Z\"><\/path><\/svg> <\/div>\n\t\t\t<\/div>\n\n\n<div style=\"height:20px\" aria-hidden=\"true\" class=\"wp-block-spacer\"><\/div>\n\n\n\n<h3 class=\"wp-block-heading has-text-align-center has-neve-text-color-color has-text-color\">Mobil<\/h3>\n\n\n\n<p class=\"has-text-align-center\">Ich besuche Sie bei Ihnen zu Hause.<\/p>\n\n\n\n<div style=\"height:20px\" aria-hidden=\"true\" class=\"wp-block-spacer\"><\/div>\n<\/div>\n\n\n\n<div class=\"wp-block-column is-layout-flow wp-block-column-is-layout-flow\"><div class=\"wp-block-safe-svg-svg-icon safe-svg-cover\" style=\"text-align: center;\">\n\t\t\t\t<div class=\"safe-svg-inside safe-svg-inline\" style=\"width: 48px; height: 48px; background-color: var(--wp--preset--color--); color: var(--wp--preset--color--); padding-top: ; padding-right: ; padding-bottom: ; padding-left: ; margin-top: ; margin-right: ; margin-bottom: ; margin-left: ;\"><?xml version=\"1.0\" encoding=\"UTF-8\"?> <svg xmlns=\"http:\/\/www.w3.org\/2000\/svg\" height=\"48\" viewBox=\"0 -960 960 960\" width=\"48\"><path d=\"m480-120-58-52q-101-91-167-157T150-447.5Q111-500 95.5-544T80-634q0-94 63-157t157-63q52 0 99 22t81 62q34-40 81-62t99-22q94 0 157 63t63 157q0 46-15.5 90T810-447.5Q771-395 705-329T538-172l-58 52Zm0-108q96-86 158-147.5t98-107q36-45.5 50-81t14-70.5q0-60-40-100t-100-40q-47 0-87 26.5T518-680h-76q-15-41-55-67.5T300-774q-60 0-100 40t-40 100q0 35 14 70.5t50 81q36 45.5 98 107T480-228Zm0-273Z\"><\/path><\/svg> <\/div>\n\t\t\t<\/div>\n\n\n<div style=\"height:20px\" aria-hidden=\"true\" class=\"wp-block-spacer\"><\/div>\n\n\n\n<h3 class=\"wp-block-heading has-text-align-center has-neve-text-color-color has-text-color\">Herzlich<\/h3>\n\n\n\n<p class=\"has-text-align-center\">Ihre F\u00fcsse und Sie als Person liegen mir am Herzen.<\/p>\n\n\n\n<div style=\"height:20px\" aria-hidden=\"true\" class=\"wp-block-spacer\"><\/div>\n<\/div>\n<\/div>\n\n\n\n<div style=\"height:40px\" aria-hidden=\"true\" class=\"wp-block-spacer\"><\/div>\n\n\n\n<div class=\"wp-block-cover alignfull\" style=\"min-height:882px;aspect-ratio:unset;\"><span aria-hidden=\"true\" class=\"wp-block-cover__background has-nv-light-bg-background-color has-background-dim-100 has-background-dim\"><\/span><div class=\"wp-block-cover__inner-container is-layout-flow wp-block-cover-is-layout-flow\">\n<div class=\"wp-block-group\"><div class=\"wp-block-group__inner-container is-layout-flow wp-block-group-is-layout-flow\">\n<div style=\"height:40px\" aria-hidden=\"true\" class=\"wp-block-spacer\"><\/div>\n\n\n\n<div class=\"wp-block-columns are-vertically-aligned-center is-layout-flex wp-container-core-columns-is-layout-9d6595d7 wp-block-columns-is-layout-flex\" id=\"aboutme\">\n<div class=\"wp-block-column is-vertically-aligned-center is-layout-flow wp-block-column-is-layout-flow\" style=\"flex-basis:50%\">\n<figure class=\"wp-block-image size-large is-resized is-style-default\"><img loading=\"lazy\" decoding=\"async\" width=\"796\" height=\"1024\" src=\"https:\/\/fusspflege-gantner.ch\/wp-content\/uploads\/2025\/01\/579A4320-Klein-796x1024.jpg\" alt=\"\" class=\"wp-image-175\" style=\"object-fit:cover;width:461px;height:600px\" srcset=\"https:\/\/fusspflege-gantner.ch\/wp-content\/uploads\/2025\/01\/579A4320-Klein-796x1024.jpg 796w, https:\/\/fusspflege-gantner.ch\/wp-content\/uploads\/2025\/01\/579A4320-Klein-233x300.jpg 233w, https:\/\/fusspflege-gantner.ch\/wp-content\/uploads\/2025\/01\/579A4320-Klein-768x988.jpg 768w, https:\/\/fusspflege-gantner.ch\/wp-content\/uploads\/2025\/01\/579A4320-Klein.jpg 1024w\" sizes=\"auto, (max-width: 796px) 100vw, 796px\" \/><\/figure>\n<\/div>\n\n\n\n<div class=\"wp-block-column is-vertically-aligned-center is-layout-flow wp-block-column-is-layout-flow\" style=\"flex-basis:50%\">\n<div style=\"height:20px\" aria-hidden=\"true\" class=\"wp-block-spacer\"><\/div>\n\n\n\n<h2 class=\"wp-block-heading has-text-align-left has-neve-text-color-color has-text-color\">\u00dcber mich<\/h2>\n\n\n\n<p class=\"has-neve-text-color-color has-text-color has-link-color wp-elements-ff231236594379bbbbe95a91d755555e\">Mein Name ist Alexandra Gantner, ich wohne mit meiner Familie in Rafz. Meine Freizeit verbringe ich gerne in der Natur mit meinen Tieren, der Familie und Freunden.<\/p>\n\n\n\n<p class=\"has-neve-text-color-color has-text-color has-link-color wp-elements-89a7747b89160ec192123be999c5d37c\"><\/p>\n\n\n\n<div class=\"wp-block-buttons is-content-justification-left is-layout-flex wp-container-core-buttons-is-layout-fdcfc74e wp-block-buttons-is-layout-flex\">\n<div class=\"wp-block-button is-style-primary\"><a class=\"wp-block-button__link wp-element-button\" href=\"https:\/\/fusspflege-gantner.ch\/?page_id=45\">MEHR<\/a><\/div>\n<\/div>\n<\/div>\n<\/div>\n\n\n\n<div style=\"height:40px\" aria-hidden=\"true\" class=\"wp-block-spacer\"><\/div>\n<\/div><\/div>\n<\/div><\/div>\n\n\n\n<div class=\"wp-block-cover alignfull\" style=\"min-height:600px;aspect-ratio:unset;\"><span aria-hidden=\"true\" class=\"wp-block-cover__background has-nv-site-bg-background-color has-background-dim-100 has-background-dim\"><\/span><div class=\"wp-block-cover__inner-container is-layout-flow wp-block-cover-is-layout-flow\">\n<div class=\"wp-block-group\"><div class=\"wp-block-group__inner-container is-layout-flow wp-block-group-is-layout-flow\">\n<div style=\"height:0px\" aria-hidden=\"true\" class=\"wp-block-spacer\"><\/div>\n\n\n\n<div style=\"height:40px\" aria-hidden=\"true\" class=\"wp-block-spacer\"><\/div>\n\n\n\n<div class=\"wp-block-columns are-vertically-aligned-center is-layout-flex wp-container-core-columns-is-layout-9d6595d7 wp-block-columns-is-layout-flex\" id=\"offer_price\">\n<div class=\"wp-block-column is-vertically-aligned-center is-layout-flow wp-block-column-is-layout-flow\" style=\"flex-basis:50%\">\n<h2 class=\"wp-block-heading has-text-align-left has-neve-text-color-color has-text-color\">Angebot &amp; Preise<\/h2>\n\n\n\n<p><\/p>\n\n\n\n<p class=\"has-text-align-left has-neve-text-color-color has-text-color\" style=\"font-size:17px\">Ich arbeite vollumf\u00e4nglich mobil und biete Hausbesuche an. Gerne bediene ich auch Kunden in Alterszentren, Pflegeheimen oder anderen Institution. <\/p>\n\n\n\n<p><\/p>\n\n\n\n<div class=\"wp-block-buttons is-content-justification-left is-layout-flex wp-container-core-buttons-is-layout-fdcfc74e wp-block-buttons-is-layout-flex\">\n<div class=\"wp-block-button is-style-primary\"><a class=\"wp-block-button__link wp-element-button\" href=\"https:\/\/fusspflege-gantner.ch\/?page_id=107\">MEHR<\/a><\/div>\n<\/div>\n\n\n\n<div style=\"height:40px\" aria-hidden=\"true\" class=\"wp-block-spacer\"><\/div>\n<\/div>\n\n\n\n<div class=\"wp-block-column is-vertically-aligned-center is-layout-flow wp-block-column-is-layout-flow\" style=\"flex-basis:50%\">\n<figure class=\"wp-block-image size-full is-resized is-style-default\"><img decoding=\"async\" src=\"https:\/\/fusspflege-gantner.ch\/wp-content\/uploads\/2023\/11\/beach_background.jpg\" alt=\"\" class=\"wp-image-34\" style=\"object-fit:cover;width:461px;height:600px\"\/><\/figure>\n<\/div>\n<\/div>\n\n\n\n<div style=\"height:40px\" aria-hidden=\"true\" class=\"wp-block-spacer\"><\/div>\n<\/div><\/div>\n<\/div><\/div>\n\n\n\n<div style=\"height:40px\" aria-hidden=\"true\" class=\"wp-block-spacer\"><\/div>\n\n\n\n<div class=\"wp-block-cover alignfull\" style=\"padding-right:0;padding-left:0;min-height:300px;aspect-ratio:unset;\"><span aria-hidden=\"true\" class=\"wp-block-cover__background has-nv-dark-bg-background-color has-background-dim-100 has-background-dim\"><\/span><div class=\"wp-block-cover__inner-container is-layout-flow wp-block-cover-is-layout-flow\">\n<div style=\"height:100px\" aria-hidden=\"true\" class=\"wp-block-spacer\"><\/div>\n\n\n\n<h2 class=\"wp-block-heading has-text-align-center has-nv-text-dark-bg-color has-text-color\" id=\"contact\">Kontakt<\/h2>\n\n\n\n<div class=\"wp-block-buttons is-content-justification-center is-nowrap is-layout-flex wp-container-core-buttons-is-layout-1fb9aab6 wp-block-buttons-is-layout-flex\">\n<div class=\"wp-block-button has-custom-width wp-block-button__width-25 is-style-primary\"><a class=\"wp-block-button__link wp-element-button\" href=\"tel:+41796856055\"><img loading=\"lazy\" decoding=\"async\" width=\"16\" height=\"16\" class=\"wp-image-75\" style=\"width: 16px;\" src=\"https:\/\/fusspflege-gantner.ch\/wp-content\/uploads\/2023\/11\/phone.svg\" alt=\"\"> TELEFON<\/a><\/div>\n\n\n\n<div class=\"wp-block-button has-custom-width wp-block-button__width-25 is-style-primary\"><a class=\"wp-block-button__link wp-element-button\" href=\"mailto:info@fusspflege-gantner.ch\"><img loading=\"lazy\" decoding=\"async\" width=\"16\" height=\"16\" class=\"wp-image-80\" style=\"width: 16px;\" src=\"https:\/\/fusspflege-gantner.ch\/wp-content\/uploads\/2023\/11\/email_black_24dp.svg\" alt=\"\">  E-MAIL<\/a><\/div>\n\n\n\n<div class=\"wp-block-button has-custom-width wp-block-button__width-25 is-style-primary\"><a class=\"wp-block-button__link wp-element-button\" href=\"https:\/\/wa.me\/41796856055\" target=\"_blank\" rel=\"noreferrer noopener\"><img loading=\"lazy\" decoding=\"async\" width=\"16\" height=\"16\" class=\"wp-image-81\" style=\"width: 16px;\" src=\"https:\/\/fusspflege-gantner.ch\/wp-content\/uploads\/2023\/11\/whatsapp-13.svg\" alt=\"\">  WHATSAPP<\/a><\/div>\n<\/div>\n\n\n\n<div style=\"height:100px\" aria-hidden=\"true\" class=\"wp-block-spacer\"><\/div>\n<\/div><\/div>\n","protected":false},"excerpt":{"rendered":"<p>Kompetent Als dipl. Fusspflegerin und dipl. Pflegefachfrau HF, sind Sie bei mir in besten H\u00e4nden. Mobil Ich besuche Sie bei Ihnen zu Hause. Herzlich Ihre F\u00fcsse und Sie als Person liegen mir am Herzen.<\/p>\n","protected":false},"author":1,"featured_media":0,"parent":0,"menu_order":0,"comment_status":"closed","ping_status":"closed","template":"","meta":{"neve_meta_sidebar":"","neve_meta_container":"","neve_meta_enable_content_width":"on","neve_meta_content_width":100,"neve_meta_title_alignment":"","neve_meta_author_avatar":"","neve_post_elements_order":"","neve_meta_disable_header":"","neve_meta_disable_footer":"","neve_meta_disable_title":"on","footnotes":""},"class_list":["post-44","page","type-page","status-publish","hentry"],"_links":{"self":[{"href":"https:\/\/fusspflege-gantner.ch\/index.php?rest_route=\/wp\/v2\/pages\/44","targetHints":{"allow":["GET"]}}],"collection":[{"href":"https:\/\/fusspflege-gantner.ch\/index.php?rest_route=\/wp\/v2\/pages"}],"about":[{"href":"https:\/\/fusspflege-gantner.ch\/index.php?rest_route=\/wp\/v2\/types\/page"}],"author":[{"embeddable":true,"href":"https:\/\/fusspflege-gantner.ch\/index.php?rest_route=\/wp\/v2\/users\/1"}],"replies":[{"embeddable":true,"href":"https:\/\/fusspflege-gantner.ch\/index.php?rest_route=%2Fwp%2Fv2%2Fcomments&post=44"}],"version-history":[{"count":32,"href":"https:\/\/fusspflege-gantner.ch\/index.php?rest_route=\/wp\/v2\/pages\/44\/revisions"}],"predecessor-version":[{"id":183,"href":"https:\/\/fusspflege-gantner.ch\/index.php?rest_route=\/wp\/v2\/pages\/44\/revisions\/183"}],"wp:attachment":[{"href":"https:\/\/fusspflege-gantner.ch\/index.php?rest_route=%2Fwp%2Fv2%2Fmedia&parent=44"}],"curies":[{"name":"wp","href":"https:\/\/api.w.org\/{rel}","templated":true}]}}