{"id":107,"date":"2023-11-26T14:00:38","date_gmt":"2023-11-26T14:00:38","guid":{"rendered":"https:\/\/fusspflege-gantner.ch\/?page_id=107"},"modified":"2025-01-04T13:28:32","modified_gmt":"2025-01-04T12:28:32","slug":"angebot-preise","status":"publish","type":"page","link":"https:\/\/fusspflege-gantner.ch\/?page_id=107","title":{"rendered":"Angebot &#038; Preise"},"content":{"rendered":"\n<div class=\"wp-block-cover aligncenter\"><span aria-hidden=\"true\" class=\"wp-block-cover__background has-nv-site-bg-background-color has-background-dim-100 has-background-dim\"><\/span><div class=\"wp-block-cover__inner-container is-layout-constrained wp-block-cover-is-layout-constrained\">\n<div class=\"wp-block-group\"><div class=\"wp-block-group__inner-container is-layout-constrained wp-block-group-is-layout-constrained\">\n<h1 class=\"wp-block-heading has-text-align-left has-nv-dark-bg-color has-text-color has-link-color wp-elements-43dbd1f1422ba58d114bbc4e9c51383c\">Angebot &amp; Preise<\/h1>\n<\/div><\/div>\n<\/div><\/div>\n\n\n\n<div class=\"wp-block-cover aligncenter\" style=\"min-height:882px;aspect-ratio:unset;\"><span aria-hidden=\"true\" class=\"wp-block-cover__background has-nv-light-bg-background-color has-background-dim-100 has-background-dim\"><\/span><div class=\"wp-block-cover__inner-container is-layout-flow wp-block-cover-is-layout-flow\">\n<div class=\"wp-block-group\"><div class=\"wp-block-group__inner-container is-layout-flow wp-block-group-is-layout-flow\">\n<div style=\"height:40px\" aria-hidden=\"true\" class=\"wp-block-spacer\"><\/div>\n\n\n\n<div class=\"wp-block-columns are-vertically-aligned-center is-layout-flex wp-container-core-columns-is-layout-9d6595d7 wp-block-columns-is-layout-flex\">\n<div class=\"wp-block-column is-vertically-aligned-center is-layout-flow wp-block-column-is-layout-flow\" style=\"flex-basis:100%\">\n<div style=\"height:20px\" aria-hidden=\"true\" class=\"wp-block-spacer\"><\/div>\n\n\n\n<h2 class=\"wp-block-heading has-text-align-left has-neve-text-color-color has-text-color\">Angebot<\/h2>\n\n\n\n<p class=\"has-text-align-left has-neve-text-color-color has-text-color has-link-color wp-elements-83974ecab7ea80af0b38c2bf58106da0\">Ich arbeite vollumf\u00e4nglich <strong>mobil <\/strong>und biete <strong>nur Hausbesuche<\/strong> im Rafzerfeld &amp; Umgebung an. Gerne bediene ich auch Kunden in Alterszentren, Pflegeheimen oder anderen Institution. Bitte melden Sie sich bei mir, dann k\u00f6nnen wir gemeinsam besprechen, welche Leistung Sie ben\u00f6tigen.<\/p>\n\n\n\n<p class=\"has-text-align-left has-neve-text-color-color has-text-color has-link-color wp-elements-5235051d7078c72d5261d9dedf6cc4c0\">Bei einem diabetischen Fuss \/ dem diabetischen Fusssyndrom (DFS) wenden Sie sich bitte an den Schweizerischen Podologischen Verband SPV&nbsp;<a href=\"https:\/\/www.podologie.swiss\/\" data-type=\"link\" data-id=\"https:\/\/www.podologie.swiss\/\" target=\"_blank\" rel=\"noreferrer noopener\"><img loading=\"lazy\" decoding=\"async\" width=\"16\" height=\"16\" class=\"wp-image-109\" style=\"width: 16px;\" src=\"https:\/\/fusspflege-gantner.ch\/wp-content\/uploads\/2023\/11\/launch-1.svg\" alt=\"\"><\/a> oder an die Schweizerische Diabetesgesellschaft&nbsp;<a href=\"https:\/\/www.diabetesschweiz.ch\/startseite\" target=\"_blank\" rel=\"noreferrer noopener\"><img loading=\"lazy\" decoding=\"async\" width=\"16\" height=\"16\" class=\"wp-image-109\" style=\"width: 16px;\" src=\"https:\/\/fusspflege-gantner.ch\/wp-content\/uploads\/2023\/11\/launch-1.svg\" alt=\"\"><\/a>.<\/p>\n\n\n\n<div style=\"height:40px\" aria-hidden=\"true\" class=\"wp-block-spacer\"><\/div>\n\n\n\n<h2 class=\"wp-block-heading has-text-align-left has-neve-text-color-color has-text-color has-link-color wp-elements-d9c6dea3386989d6fb213a66425de276\">Preise<\/h2>\n\n\n\n<div class=\"wp-block-columns is-layout-flex wp-container-core-columns-is-layout-9d6595d7 wp-block-columns-is-layout-flex\">\n<div class=\"wp-block-column is-vertically-aligned-stretch is-layout-flow wp-block-column-is-layout-flow\" style=\"flex-basis:50%\">\n<p class=\"has-text-align-left has-neve-text-color-color has-text-color has-link-color wp-elements-499391e43a899b37b383df85c84a298e\"><strong>Fusspflege \u00abKomplett\u00bb (ca. 45 &#8211; 60 min)<\/strong><\/p>\n\n\n\n<ul class=\"wp-block-list has-neve-text-color-color has-text-color has-link-color wp-elements-a6f0e55083c5a210ddae72d07b5432f8\">\n<li>Auf Wunsch vorher ein Fussbad<\/li>\n\n\n\n<li>N\u00e4gel k\u00fcrzen und feilen<\/li>\n\n\n\n<li>Nagel-\/Hornhaut entfernen<\/li>\n\n\n\n<li>Druckstellen behandeln<\/li>\n\n\n\n<li>Kurze Fussmassage zum Abschluss mit Fusscreme und Nagel\u00f6l<\/li>\n<\/ul>\n\n\n\n<p class=\"has-text-align-left has-neve-text-color-color has-text-color has-link-color wp-elements-9fc4d1e36411ea855a353f13bfebafba\"><strong>CHF 95.-<\/strong><\/p>\n<\/div>\n\n\n\n<div class=\"wp-block-column is-vertically-aligned-top is-layout-flow wp-block-column-is-layout-flow\" style=\"flex-basis:50%\">\n<p class=\"has-text-align-left has-neve-text-color-color has-text-color has-link-color wp-elements-f4459756d747a69f5831bee53d477686\"><strong>Fusspflege \u00abExpress\u00bb (max. 30 min)<\/strong><\/p>\n\n\n\n<ul class=\"wp-block-list has-neve-text-color-color has-text-color has-link-color wp-elements-9f6b0e66778bcd5313c9320fa316aeb9\">\n<li>N\u00e4gel k\u00fcrzen und feilen<\/li>\n\n\n\n<li>Wenig Hornhaut entfernen<\/li>\n\n\n\n<li>Kurze Fussmassage zum Abschluss mit Fusscreme und Nagel\u00f6l<\/li>\n<\/ul>\n\n\n\n<p class=\"has-text-align-left has-neve-text-color-color has-text-color has-link-color wp-elements-244866adf314ce290a037296811cebfe\"><strong>CHF 75.-<\/strong><\/p>\n<\/div>\n<\/div>\n\n\n\n<p class=\"has-text-align-left has-neve-text-color-color has-text-color has-link-color wp-elements-ad3c1d12907be34f42f1ff891dfccb3f\">Die <strong>Pauschale f\u00fcr Hausbesuche<\/strong> (z.B. Anfahrtsweg und zus\u00e4tzlicher Zeitaufwand) pro angefahrene Adresse betr\u00e4gt <strong>CHF 10.-<\/strong>.<\/p>\n\n\n\n<ul class=\"wp-block-list has-neve-text-color-color has-text-color has-link-color wp-elements-92a6d41db7ae309488f25f0237c161ab\"><\/ul>\n\n\n\n<div style=\"height:40px\" aria-hidden=\"true\" class=\"wp-block-spacer\"><\/div>\n\n\n\n<div class=\"wp-block-columns has-neve-text-color-color has-text-color has-link-color wp-elements-e5aaa98fc88922187463b942aeb879c6 is-layout-flex wp-container-core-columns-is-layout-9d6595d7 wp-block-columns-is-layout-flex\">\n<div class=\"wp-block-column is-layout-flow wp-block-column-is-layout-flow\" style=\"flex-basis:100%\">\n<h3 class=\"wp-block-heading has-text-align-left has-neve-text-color-color has-text-color has-link-color has-large-font-size wp-elements-3cac139375411a1790b062112f5c5895\">Zus\u00e4tzliche Leistungen<\/h3>\n\n\n\n<figure class=\"wp-block-table is-style-regular\"><table class=\"has-nv-site-bg-background-color has-background\"><tbody><tr><td><strong>Zus\u00e4tzlicher Zeitaufwand pro 15 min.<\/strong><br>Zum Beispiel f\u00fcr:<br>   &#8211; H\u00fchneraugen<br>   &#8211; Eingewachsene N\u00e4gel<\/td><td class=\"has-text-align-left\" data-align=\"left\">CHF 25.-<\/td><\/tr><tr><td><strong>Nagellack<\/strong><\/td><td class=\"has-text-align-left\" data-align=\"left\">CHF 10.-<\/td><\/tr><\/tbody><\/table><\/figure>\n\n\n\n<div style=\"height:40px\" aria-hidden=\"true\" class=\"wp-block-spacer\"><\/div>\n\n\n\n<p class=\"has-text-align-left\"><strong>Wichtig:<\/strong> Wird eine vereinbarte Behandlung nicht mindestens 24h im Voraus abgesagt, erlaube ich mir Ihnen eine Pauschale von <strong>CHF 65.-<\/strong> zu verrechnen.<\/p>\n<\/div>\n<\/div>\n<\/div>\n<\/div>\n<\/div><\/div>\n<\/div><\/div>\n","protected":false},"excerpt":{"rendered":"","protected":false},"author":1,"featured_media":0,"parent":0,"menu_order":0,"comment_status":"closed","ping_status":"closed","template":"","meta":{"neve_meta_sidebar":"","neve_meta_container":"","neve_meta_enable_content_width":"on","neve_meta_content_width":100,"neve_meta_title_alignment":"left","neve_meta_author_avatar":"","neve_post_elements_order":"","neve_meta_disable_header":"","neve_meta_disable_footer":"","neve_meta_disable_title":"on","footnotes":""},"class_list":["post-107","page","type-page","status-publish","hentry"],"_links":{"self":[{"href":"https:\/\/fusspflege-gantner.ch\/index.php?rest_route=\/wp\/v2\/pages\/107","targetHints":{"allow":["GET"]}}],"collection":[{"href":"https:\/\/fusspflege-gantner.ch\/index.php?rest_route=\/wp\/v2\/pages"}],"about":[{"href":"https:\/\/fusspflege-gantner.ch\/index.php?rest_route=\/wp\/v2\/types\/page"}],"author":[{"embeddable":true,"href":"https:\/\/fusspflege-gantner.ch\/index.php?rest_route=\/wp\/v2\/users\/1"}],"replies":[{"embeddable":true,"href":"https:\/\/fusspflege-gantner.ch\/index.php?rest_route=%2Fwp%2Fv2%2Fcomments&post=107"}],"version-history":[{"count":16,"href":"https:\/\/fusspflege-gantner.ch\/index.php?rest_route=\/wp\/v2\/pages\/107\/revisions"}],"predecessor-version":[{"id":181,"href":"https:\/\/fusspflege-gantner.ch\/index.php?rest_route=\/wp\/v2\/pages\/107\/revisions\/181"}],"wp:attachment":[{"href":"https:\/\/fusspflege-gantner.ch\/index.php?rest_route=%2Fwp%2Fv2%2Fmedia&parent=107"}],"curies":[{"name":"wp","href":"https:\/\/api.w.org\/{rel}","templated":true}]}}